{"id":10,"date":"2019-06-08T04:57:41","date_gmt":"2019-06-08T04:57:41","guid":{"rendered":"https:\/\/themify.me\/demo\/themes\/ultra-agency3\/?page_id=5"},"modified":"2022-03-12T14:12:08","modified_gmt":"2022-03-12T14:12:08","slug":"home","status":"publish","type":"page","link":"https:\/\/telmoponte.com\/en\/","title":{"rendered":"Home"},"content":{"rendered":"<!--themify_builder_content-->\n<div id=\"themify_builder_content-10\" data-postid=\"10\" class=\"themify_builder_content themify_builder_content-10 themify_builder tf_clear\">\n    \t\t\t<!-- module_row -->\n\t<div  data-css_id=\"bxzl903\" data-lazy=\"1\" class=\"module_row themify_builder_row fullheight fullwidth tb_bxzl903 tb_first tf_w tf_clearfix\">\n\t    <div class=\"tb_row_frame_wrap tf_overflow tf_abs\" data-lazy=\"1\"><div class=\"tb_row_frame tb_row_frame_top  tf_abs tf_hide tf_overflow tf_w\"><\/div><\/div>\t\t\t<div class=\"row_inner col_align_top tb_col_count_1 tf_box tf_rel\">\n\t\t            <div  data-lazy=\"1\" class=\"module_column tb-column col-full tb_fr39903 first\">\n                                                        <div class=\"tb-column-inner tf_box tf_w\">\n                        \t<div  data-lazy=\"1\" class=\"module_subrow themify_builder_sub_row tb_4wuz310 tf_w tf_clearfix\">\n\t    \t\t\t<div class=\"subrow_inner col_align_top tb_col_count_3 tf_box tf_w\">\n\t\t            <div  data-lazy=\"1\" class=\"module_column sub_column col4-1 tb_41ro311 first\">\n                                                <\/div>\n                        <div  data-lazy=\"1\" class=\"module_column sub_column col4-2 tb_cijf311\">\n                                                        <div class=\"tb-column-inner tf_box tf_w\">\n                        <!-- module text -->\n<div  class=\"module module-text tb_9zqs32    wow\" data-tf-animation=\"fadeIn\" data-lazy=\"1\" data-lax-translate-y=\"(vh*1) 0,(vh*0) -200\" data-lax-blur=\"(vh*1) 0,(vh*0) 8\" data-lax-scale=\"(vh*1) 1,(vh*0) 2\" data-box-position=\"center center\" data-lax=\"true\">\n        <div  class=\"tb_text_wrap\">\n    <h1 style=\"text-align: center;\">TEL<\/h1>\n<h1 style=\"text-align: center;\">MO<\/h1>    <\/div>\n<\/div>\n<!-- \/module text -->                    <\/div>\n                            <\/div>\n                        <div  data-lazy=\"1\" class=\"module_column sub_column col4-1 tb_ebbo737 last\">\n                                                <\/div>\n            \t    <\/div>\n\t<\/div><!-- \/themify_builder_sub_row -->\n\t                    <\/div>\n                            <\/div>\n            \t    <\/div>\n\t    <!-- \/row_inner -->\n\t<\/div>\n\t<!-- \/module_row -->\n\t\t\t\t<!-- module_row -->\n\t<div  data-parallax-bg=\"mobile\" data-css_id=\"3f2k589\" data-lazy=\"1\" class=\"module_row themify_builder_row fullheight fullwidth tb_3f2k589 tf_w tf_clearfix\">\n\t    \t\t\t<div class=\"row_inner gutter-none col_align_middle tb_col_count_2 tf_box tf_rel\">\n\t\t            <div  data-lazy=\"1\" data-zoom-bg=\"mobile\" class=\"module_column tb-column col4-2 tb_jm28589 first\">\n                                                <\/div>\n                        <div  data-lazy=\"1\" class=\"module_column tb-column col4-2 tb_x105803 last\">\n                                                        <div class=\"tb-column-inner tf_box tf_w\">\n                        <!-- module text -->\n<div  class=\"module module-text tb_ni38988    wow\" data-tf-animation=\"fadeInUp\" data-lazy=\"1\" data-lax-scale=\"(vh*1) 1,(vh*0) 1.1\" data-box-position=\"center center\" data-lax=\"true\">\n        <div  class=\"tb_text_wrap\">\n    <h1 style=\"text-align: center;\">About me<\/h1>    <\/div>\n<\/div>\n<!-- \/module text --><!-- module text -->\n<div  class=\"module module-text tb_9b7a701    wow\" data-tf-animation=\"fadeInUp\" data-tf-animation_delay=\"0.2\" data-lazy=\"1\">\n        <div  class=\"tb_text_wrap\">\n    <p style=\"text-align: center;\">O meu nome \u00e9 Telmo Ponte, <br>Sou Designer e freelancer nos tempos livres. Realizo trabalhos na \u00e1rea do design gr\u00e1fico, do packaging e em webdesign. Sou licenciado em Comunica\u00e7\u00e3o, Design e Multim\u00e9dia, atualmente encontro-me a tirar forma\u00e7\u00f5es relacionadas com programa\u00e7\u00e3o.<\/p>\n<p style=\"text-align: center;\">\u00a0<\/p>\n<p style=\"text-align: center;\">Atrav\u00e9s deste site pode ter acesso a alguns dos trabalhos que desenvolvi nos \u00faltimos anos.<\/p>    <\/div>\n<\/div>\n<!-- \/module text -->                    <\/div>\n                            <\/div>\n            \t    <\/div>\n\t    <!-- \/row_inner -->\n\t<\/div>\n\t<!-- \/module_row -->\n\t\t\t\t<!-- module_row -->\n\t<div  data-lazy=\"1\" class=\"module_row themify_builder_row tb_65tp249 tf_w tf_clearfix\">\n\t    \t\t\t<div class=\"row_inner col_align_top tb_col_count_1 tf_box tf_rel\">\n\t\t            <div  data-lazy=\"1\" class=\"module_column tb-column col-full tb_ajha250 first\">\n                                                        <div class=\"tb-column-inner tf_box tf_w\">\n                        <!-- module text -->\n<div  class=\"module module-text tb_xf0p174    wow\" data-tf-animation=\"fadeIn\" data-lazy=\"1\">\n        <div  class=\"tb_text_wrap\">\n    <h2 style=\"text-align: center;\">SKI<\/h2>\n<h2 style=\"text-align: center;\">LLS<\/h2>    <\/div>\n<\/div>\n<!-- \/module text -->\t<div  data-lazy=\"1\" class=\"module_subrow themify_builder_sub_row tb_vusr46 hide-tablet hide-mobile tf_w tf_clearfix\">\n\t    \t\t\t<div class=\"subrow_inner gutter-none col_align_top tb_col_count_4 tf_box tf_w\">\n\t\t            <div  data-lazy=\"1\" class=\"module_column sub_column col4-1 tb_2pjf47 first\">\n                                                <\/div>\n                        <div  data-lazy=\"1\" class=\"module_column sub_column col4-1 tb_7bom379\">\n                                                        <div class=\"tb-column-inner tf_box tf_w\">\n                        <!-- module text -->\n<div  class=\"module module-text tb_2m9v21    wow\" data-tf-animation=\"fadeInUp\" data-tf-animation_delay=\"0.4\" data-lazy=\"1\" data-lax-translate-x=\"(vh*1) 0,(vh*0) -200\" data-lax-opacity=\"(vh*1) 0,(vh*0.5) 1,(vh*0) 0\" data-lax=\"true\">\n        <div  class=\"tb_text_wrap\">\n    <h3 style=\"text-align: center;\">DESIGN<\/h3>\n<p style=\"text-align: center;\">Packaging<\/p>\n<p style=\"text-align: center;\">Branding<\/p>\n<p style=\"text-align: center;\">Logos<\/p>\n<p style=\"text-align: center;\">Web Design<\/p>    <\/div>\n<\/div>\n<!-- \/module text -->                    <\/div>\n                            <\/div>\n                        <div  data-lazy=\"1\" class=\"module_column sub_column col4-1 tb_s705649\">\n                                                        <div class=\"tb-column-inner tf_box tf_w\">\n                        <!-- module text -->\n<div  class=\"module module-text tb_jq0y245    wow\" data-tf-animation=\"fadeInUp\" data-tf-animation_delay=\"0.4\" data-lazy=\"1\" data-lax-translate-x=\"(vh*1) 0,(vh*0) 200\" data-lax-opacity=\"(vh*1) 0,(vh*0.5) 1,(vh*0) 0\" data-lax=\"true\">\n        <div  class=\"tb_text_wrap\">\n    <h3 style=\"text-align: center;\">WEB<\/h3>\n<p style=\"text-align: center;\">HTML<\/p>\n<p style=\"text-align: center;\">CSS<\/p>\n<p style=\"text-align: center;\">JS<\/p>\n<p style=\"text-align: center;\">Wordpress<\/p>    <\/div>\n<\/div>\n<!-- \/module text -->                    <\/div>\n                            <\/div>\n                        <div  data-lazy=\"1\" class=\"module_column sub_column col4-1 tb_54ex366 last\">\n                                                <\/div>\n            \t    <\/div>\n\t<\/div><!-- \/themify_builder_sub_row -->\n\t\t<div  data-lazy=\"1\" class=\"module_subrow themify_builder_sub_row tb_q2l0284 hide-desktop hide-tablet_landscape tf_w tf_clearfix\">\n\t    \t\t\t<div class=\"subrow_inner gutter-none col_align_top tb_col_count_4 tf_box tf_w\">\n\t\t            <div  data-lazy=\"1\" class=\"module_column sub_column col4-1 tb_3oel284 first\">\n                                                <\/div>\n                        <div  data-lazy=\"1\" class=\"module_column sub_column col4-1 tb_rhor284\">\n                                                        <div class=\"tb-column-inner tf_box tf_w\">\n                        <!-- module text -->\n<div  class=\"module module-text tb_581s284    wow\" data-tf-animation=\"fadeInUp\" data-tf-animation_delay=\"0.4\" data-lazy=\"1\" data-lax-optimize=\"true\">\n        <div  class=\"tb_text_wrap\">\n    <h3 style=\"text-align: center;\">DESIGN<\/h3>\n<p style=\"text-align: center;\">Packaging<\/p>\n<p style=\"text-align: center;\">Branding<\/p>\n<p style=\"text-align: center;\">Logos<\/p>\n<p style=\"text-align: center;\">Web Design<\/p>    <\/div>\n<\/div>\n<!-- \/module text -->                    <\/div>\n                            <\/div>\n                        <div  data-lazy=\"1\" class=\"module_column sub_column col4-1 tb_1da7284\">\n                                                        <div class=\"tb-column-inner tf_box tf_w\">\n                        <!-- module text -->\n<div  class=\"module module-text tb_2iut284    wow\" data-tf-animation=\"fadeInUp\" data-tf-animation_delay=\"0.4\" data-lazy=\"1\" data-lax-optimize=\"true\">\n        <div  class=\"tb_text_wrap\">\n    <h3 style=\"text-align: center;\">WEB<\/h3>\n<p style=\"text-align: center;\">HTML<\/p>\n<p style=\"text-align: center;\">CSS<\/p>\n<p style=\"text-align: center;\">JS<\/p>\n<p style=\"text-align: center;\">Wordpress<\/p>    <\/div>\n<\/div>\n<!-- \/module text -->                    <\/div>\n                            <\/div>\n                        <div  data-lazy=\"1\" class=\"module_column sub_column col4-1 tb_qkrv284 last\">\n                                                <\/div>\n            \t    <\/div>\n\t<\/div><!-- \/themify_builder_sub_row -->\n\t                    <\/div>\n                            <\/div>\n            \t    <\/div>\n\t    <!-- \/row_inner -->\n\t<\/div>\n\t<!-- \/module_row -->\n\t\t\t\t<!-- module_row -->\n\t<div  data-lazy=\"1\" class=\"module_row themify_builder_row tb_pwrd447 tf_w tf_clearfix\">\n\t    \t\t\t<div class=\"row_inner gutter-none col_align_top tb_col_count_2 tf_box tf_rel\">\n\t\t            <div  data-lazy=\"1\" class=\"module_column tb-column col4-2 tb_o5uc447 first\">\n                                                        <div class=\"tb-column-inner tf_box tf_w\">\n                        <!-- module plain text -->\n<div  class=\"module module-plain-text tb_3zuy758\" data-lazy=\"1\">\n        <div class=\"tb_text_wrap\">\n\tPACKAGING    <\/div>\n<\/div>\n<!-- \/module plain text --><!-- module plain text -->\n<div  class=\"module module-plain-text tb_tjed628\" data-lazy=\"1\">\n        <div class=\"tb_text_wrap\">\n\tSPIKE    <\/div>\n<\/div>\n<!-- \/module plain text --><!-- module plain text -->\n<div  class=\"module module-plain-text tb_ekdb646\" data-lazy=\"1\">\n        <div class=\"tb_text_wrap\">\n\t<a href=\"https:\/\/telmoponte.com\/en\/projectos\/sacos-spike\/\">See more<\/a>    <\/div>\n<\/div>\n<!-- \/module plain text -->                    <\/div>\n                            <\/div>\n                        <div  data-lazy=\"1\" class=\"module_column tb-column col4-2 tb_6f4t587 last\">\n                                                        <div class=\"tb-column-inner tf_box tf_w\">\n                        <!-- module image -->\n<div  class=\"module module-image tb_3ite813   image-top tf_mw\" data-lazy=\"1\" data-lax-translate-y=\"(vh*1) 0,(vh*0) -70\" data-lax=\"true\">\n        <div class=\"image-wrap tf_rel tf_mw\">\n\t\t    <a href=\"https:\/\/telmoponte.com\/en\/projectos\/sacos-spike\/\"\n\t       \t       >\n\t\t   \t\t<img loading=\"lazy\" decoding=\"async\" src=\"https:\/\/telmoponte.com\/wp-content\/uploads\/2022\/03\/spike_power_4000_600alt-1-1024x576-600x400.jpg\" width=\"600\" height=\"400\" class=\"wp-post-image wp-image-306\" title=\"spike_power_4000_600alt\" alt=\"spike_power_4000_600alt\">\t    <\/a>\n\t\n\t\t<\/div>\n\t<!-- \/image-wrap -->\n    \n    \t<\/div>\n<!-- \/module image -->                    <\/div>\n                            <\/div>\n            \t    <\/div>\n\t    <!-- \/row_inner -->\n\t<\/div>\n\t<!-- \/module_row -->\n\t\t\t\t<!-- module_row -->\n\t<div  data-lazy=\"1\" class=\"module_row themify_builder_row tb_xhjd150 tf_w tf_clearfix\">\n\t    \t\t\t<div class=\"row_inner gutter-none direction_rtl col_align_top tb_col_count_2 tf_box tf_rel\">\n\t\t            <div  data-lazy=\"1\" class=\"module_column tb-column col4-2 tb_wwrt150 first\">\n                                                        <div class=\"tb-column-inner tf_box tf_w\">\n                        <!-- module image -->\n<div  class=\"module module-image tb_ytaf150   image-right tf_mw\" data-lazy=\"1\" data-lax-translate-y=\"(vh*1) 0,(vh*0) -70\" data-lax=\"true\">\n        <div class=\"image-wrap tf_rel tf_mw\">\n\t\t    <a href=\"https:\/\/telmoponte.com\/en\/projectos\/saco-avenal-mini-dog\/\"\n\t       \t       >\n\t\t   \t\t<img loading=\"lazy\" decoding=\"async\" src=\"https:\/\/telmoponte.com\/wp-content\/uploads\/2022\/03\/avenal_mini_dog_600alt-1024x576-600x400.jpg\" width=\"600\" height=\"400\" class=\"wp-post-image wp-image-311\" title=\"avenal_mini_dog_600alt\" alt=\"avenal_mini_dog_600alt\">\t    <\/a>\n\t\n\t\t<\/div>\n\t<!-- \/image-wrap -->\n    \n    \t<\/div>\n<!-- \/module image -->                    <\/div>\n                            <\/div>\n                        <div  data-lazy=\"1\" class=\"module_column tb-column col4-2 tb_a6lh150 last\">\n                                                        <div class=\"tb-column-inner tf_box tf_w\">\n                        <!-- module plain text -->\n<div  class=\"module module-plain-text tb_2ppd150\" data-lazy=\"1\">\n        <div class=\"tb_text_wrap\">\n\tPACKAGING    <\/div>\n<\/div>\n<!-- \/module plain text --><!-- module plain text -->\n<div  class=\"module module-plain-text tb_4m5b150\" data-lazy=\"1\">\n        <div class=\"tb_text_wrap\">\n\tMINI    <\/div>\n<\/div>\n<!-- \/module plain text --><!-- module text -->\n<div  class=\"module module-text tb_0p2i150  repeat\" data-lazy=\"1\">\n        <div  class=\"tb_text_wrap\">\n    <p><a href=\"https:\/\/telmoponte.com\/en\/projectos\/saco-avenal-mini-dog\/\">See more<\/a><\/p>    <\/div>\n<\/div>\n<!-- \/module text -->                    <\/div>\n                            <\/div>\n            \t    <\/div>\n\t    <!-- \/row_inner -->\n\t<\/div>\n\t<!-- \/module_row -->\n\t\t\t\t<!-- module_row -->\n\t<div  data-lazy=\"1\" class=\"module_row themify_builder_row tb_qs9843 tf_w tf_clearfix\">\n\t    \t\t\t<div class=\"row_inner gutter-none col_align_top tb_col_count_2 tf_box tf_rel\">\n\t\t            <div  data-lazy=\"1\" class=\"module_column tb-column col4-2 tb_yyfe44 first\">\n                                                        <div class=\"tb-column-inner tf_box tf_w\">\n                        <!-- module plain text -->\n<div  class=\"module module-plain-text tb_cfnk44\" data-lazy=\"1\">\n        <div class=\"tb_text_wrap\">\n\tPACKAGING    <\/div>\n<\/div>\n<!-- \/module plain text --><!-- module plain text -->\n<div  class=\"module module-plain-text tb_37de44\" data-lazy=\"1\">\n        <div class=\"tb_text_wrap\">\n\tAGILITY    <\/div>\n<\/div>\n<!-- \/module plain text --><!-- module plain text -->\n<div  class=\"module module-plain-text tb_oii944\" data-lazy=\"1\">\n        <div class=\"tb_text_wrap\">\n\t<a href=\"https:\/\/telmoponte.com\/en\/projectos\/saco-avenal-agility-dog\/\">See more<\/a>    <\/div>\n<\/div>\n<!-- \/module plain text -->                    <\/div>\n                            <\/div>\n                        <div  data-lazy=\"1\" class=\"module_column tb-column col4-2 tb_set344 last\">\n                                                        <div class=\"tb-column-inner tf_box tf_w\">\n                        <!-- module image -->\n<div  class=\"module module-image tb_303d44   image-top tf_mw\" data-lazy=\"1\" data-lax-translate-y=\"(vh*1) 0,(vh*0) -70\" data-lax=\"true\">\n        <div class=\"image-wrap tf_rel tf_mw\">\n\t\t    <a href=\"https:\/\/telmoponte.com\/en\/projectos\/saco-avenal-agility-dog\/\"\n\t       \t       >\n\t\t   \t\t<img loading=\"lazy\" decoding=\"async\" src=\"https:\/\/telmoponte.com\/wp-content\/uploads\/2022\/03\/avenal_agility_dog_600alt-1024x576-600x400.jpg\" width=\"600\" height=\"400\" class=\"wp-post-image wp-image-316\" title=\"avenal_agility_dog_600alt\" alt=\"avenal_agility_dog_600alt\">\t    <\/a>\n\t\n\t\t<\/div>\n\t<!-- \/image-wrap -->\n    \n    \t<\/div>\n<!-- \/module image -->                    <\/div>\n                            <\/div>\n            \t    <\/div>\n\t    <!-- \/row_inner -->\n\t<\/div>\n\t<!-- \/module_row -->\n\t\t\t\t<!-- module_row -->\n\t<div  data-lazy=\"1\" class=\"module_row themify_builder_row tb_frms347 tf_w tf_clearfix\">\n\t    \t\t\t<div class=\"row_inner gutter-none direction_rtl col_align_top tb_col_count_2 tf_box tf_rel\">\n\t\t            <div  data-lazy=\"1\" class=\"module_column tb-column col4-2 tb_662c347 first\">\n                                                        <div class=\"tb-column-inner tf_box tf_w\">\n                        <!-- module image -->\n<div  class=\"module module-image tb_b6jx347   image-right tf_mw\" data-lazy=\"1\" data-lax-translate-y=\"(vh*1) 0,(vh*0) -70\" data-lax=\"true\">\n        <div class=\"image-wrap tf_rel tf_mw\">\n\t\t    <a href=\"https:\/\/telmoponte.com\/en\/projectos\/saco-avenal-puppy\/\"\n\t       \t       >\n\t\t   \t\t<img loading=\"lazy\" decoding=\"async\" src=\"https:\/\/telmoponte.com\/wp-content\/uploads\/2022\/03\/avenal_puppy_dog_600alt-1024x576-600x400.jpg\" width=\"600\" height=\"400\" class=\"wp-post-image wp-image-320\" title=\"avenal_puppy_dog_600alt\" alt=\"avenal_puppy_dog_600alt\">\t    <\/a>\n\t\n\t\t<\/div>\n\t<!-- \/image-wrap -->\n    \n    \t<\/div>\n<!-- \/module image -->                    <\/div>\n                            <\/div>\n                        <div  data-lazy=\"1\" class=\"module_column tb-column col4-2 tb_h033347 last\">\n                                                        <div class=\"tb-column-inner tf_box tf_w\">\n                        <!-- module plain text -->\n<div  class=\"module module-plain-text tb_vjul347\" data-lazy=\"1\">\n        <div class=\"tb_text_wrap\">\n\tPACKAGING    <\/div>\n<\/div>\n<!-- \/module plain text --><!-- module plain text -->\n<div  class=\"module module-plain-text tb_n40s347\" data-lazy=\"1\">\n        <div class=\"tb_text_wrap\">\n\tPUPPY    <\/div>\n<\/div>\n<!-- \/module plain text --><!-- module text -->\n<div  class=\"module module-text tb_8l0i347  repeat\" data-lazy=\"1\">\n        <div  class=\"tb_text_wrap\">\n    <p><a href=\"https:\/\/telmoponte.com\/en\/projectos\/saco-avenal-puppy\/\">See more<\/a><\/p>    <\/div>\n<\/div>\n<!-- \/module text -->                    <\/div>\n                            <\/div>\n            \t    <\/div>\n\t    <!-- \/row_inner -->\n\t<\/div>\n\t<!-- \/module_row -->\n\t\t\t\t<!-- module_row -->\n\t<div  data-lazy=\"1\" class=\"module_row themify_builder_row tb_24l3517 tf_w tf_clearfix\">\n\t    \t\t\t<div class=\"row_inner col_align_top tb_col_count_1 tf_box tf_rel\">\n\t\t            <div  data-lazy=\"1\" class=\"module_column tb-column col-full tb_szxh518 first\">\n                                                        <div class=\"tb-column-inner tf_box tf_w\">\n                        <!-- module template_part -->\n<div  class=\"module module-layout-part tb_38q3182\">\n    <div class=\"tb_layout_part_wrap tf_w\"><!--themify_builder_content-->\n    <div  class=\"themify_builder_content themify_builder_content-13 themify_builder not_editable_builder in_the_loop\" data-postid=\"13\">\n        \t\t\t<!-- module_row -->\n\t<div  data-css_id=\"z6rk62\" data-lazy=\"1\" class=\"module_row themify_builder_row fullwidth tb_z6rk62 tf_w tf_clearfix\">\n\t    \t\t\t<div class=\"row_inner col_align_top tb_col_count_1 tf_box tf_rel\">\n\t\t            <div  data-lazy=\"1\" class=\"module_column tb-column col-full tb_vhox63 first\">\n                                                        <div class=\"tb-column-inner tf_box tf_w\">\n                        <!-- module icon -->\n<div  class=\"module module-icon tb_eup4675  normal circle icon_horizontal tf_textc\" data-lazy=\"1\">\n        <div class=\"module-icon-item\">\n\t    \t\t\t\t\t\t    <em class=\"tf_box\" style=\"color:#b1e89d\"><svg  class=\"tf_fa tf-fas-circle\" aria-hidden=\"true\"><use href=\"#tf-fas-circle\"><\/use><\/svg><\/em>\n\t\t\t\t\t\t    \t    \t    <span>AVAILABLE FOR WORK AS A FREELANCER<\/span>\n\t\t    \t\t\t\t        <\/div>\n\t<\/div>\n<!-- \/module icon -->\n<!-- module text -->\n<div  class=\"module module-text tb_9yau407\" data-lazy=\"1\">\n        <div  class=\"tb_text_wrap\">\n    <h3 style=\"text-align: center;\">Do you have a project in mind? Let's talk.<\/h3>    <\/div>\n<\/div>\n<!-- \/module text --><!-- module buttons -->\n<div  class=\"module module-buttons tb_pz9x675 buttons-horizontal solid\" data-lazy=\"1\">\n    \t<div class=\"module-buttons-item tf_inline_b\">\n\t\t\t\t\t\t\t<a href=\"https:\/\/telmoponte.com\/en\/contactos\/\" class=\"ui builder_button transparent\" >\n\t\t\t\t\t\t\t\t\t\t\t<span class=\"tf_inline_b tf_vmiddle\">LET'S TALK NOW<\/span>\n\t\t\t\t\t\t\t\t\t<em class=\"tf_inline_b tf_vmiddle\"><svg  class=\"tf_fa tf-fas-comment\" aria-hidden=\"true\"><use href=\"#tf-fas-comment\"><\/use><\/svg><\/em>\t\t\t\t\t\t\t\t\t\t\t<\/a>\n\t\t\t    \t<\/div>\n    <\/div>\n<!-- \/module buttons -->\n                    <\/div>\n                            <\/div>\n            \t    <\/div>\n\t    <!-- \/row_inner -->\n\t<\/div>\n\t<!-- \/module_row -->\n\t    <\/div>\n<!--\/themify_builder_content--><\/div>\n<\/div>\n<!-- \/module template_part -->                    <\/div>\n                            <\/div>\n            \t    <\/div>\n\t    <!-- \/row_inner -->\n\t<\/div>\n\t<!-- \/module_row -->\n\t<\/div>\n<!--\/themify_builder_content-->","protected":false},"excerpt":{"rendered":"<p>TEL MO Sobre Mim O meu nome \u00e9 Telmo Ponte, Sou Designer e freelancer nos tempos livres. Realizo trabalhos na \u00e1rea do design gr\u00e1fico, do packaging e em webdesign. Sou licenciado em Comunica\u00e7\u00e3o, Design e Multim\u00e9dia, atualmente encontro-me a tirar forma\u00e7\u00f5es relacionadas com programa\u00e7\u00e3o. \u00a0 Atrav\u00e9s deste site pode ter acesso a alguns dos trabalhos [&hellip;]<\/p>","protected":false},"author":2,"featured_media":0,"parent":0,"menu_order":0,"comment_status":"closed","ping_status":"closed","template":"","meta":{"footnotes":""},"builder_content":"<h1 style=\"text-align: center;\">TEL<\/h1> <h1 style=\"text-align: center;\">MO<\/h1>\n<h1 style=\"text-align: center;\">Sobre Mim<\/h1>\n<p style=\"text-align: center;\">O meu nome \u00e9 Telmo Ponte, <br>Sou Designer e freelancer nos tempos livres. Realizo trabalhos na \u00e1rea do design gr\u00e1fico, do packaging e em webdesign. Sou licenciado em Comunica\u00e7\u00e3o, Design e Multim\u00e9dia, atualmente encontro-me a tirar forma\u00e7\u00f5es relacionadas com programa\u00e7\u00e3o.<\/p> <p style=\"text-align: center;\">\u00a0<\/p> <p style=\"text-align: center;\">Atrav\u00e9s deste site pode ter acesso a alguns dos trabalhos que desenvolvi nos \u00faltimos anos.<\/p>\n<h2 style=\"text-align: center;\">CAPACI<\/h2> <h2 style=\"text-align: center;\">DADES<\/h2>\n<h3 style=\"text-align: center;\">DESIGN<\/h3> <p style=\"text-align: center;\">Packaging<\/p> <p style=\"text-align: center;\">Branding<\/p> <p style=\"text-align: center;\">Logos<\/p> <p style=\"text-align: center;\">Web Design<\/p>\n<h3 style=\"text-align: center;\">WEB<\/h3> <p style=\"text-align: center;\">HTML<\/p> <p style=\"text-align: center;\">CSS<\/p> <p style=\"text-align: center;\">JS<\/p> <p style=\"text-align: center;\">Wordpress<\/p>\n<h3 style=\"text-align: center;\">DESIGN<\/h3> <p style=\"text-align: center;\">Packaging<\/p> <p style=\"text-align: center;\">Branding<\/p> <p style=\"text-align: center;\">Logos<\/p> <p style=\"text-align: center;\">Web Design<\/p>\n<h3 style=\"text-align: center;\">WEB<\/h3> <p style=\"text-align: center;\">HTML<\/p> <p style=\"text-align: center;\">CSS<\/p> <p style=\"text-align: center;\">JS<\/p> <p style=\"text-align: center;\">Wordpress<\/p>\nSACO\nSPIKE\n<a href=\"https:\/\/telmoponte.com\/projectos\/sacos-spike\/\">Ver mais<\/a>\n<a href=\"https:\/\/telmoponte.com\/projectos\/sacos-spike\/\" > <img src=\"https:\/\/telmoponte.com\/wp-content\/uploads\/2022\/03\/spike_power_4000_600alt-1-1024x576-600x400.jpg\" width=\"600\" height=\"400\" title=\"spike_power_4000_600alt\" alt=\"spike_power_4000_600alt\"> <\/a>\nSACO\nMINI\n<p><a href=\"https:\/\/telmoponte.com\/projectos\/saco-avenal-mini-dog\/\">Ver mais<\/a><\/p>\n<a href=\"https:\/\/telmoponte.com\/projectos\/saco-avenal-mini-dog\/\" > <img src=\"https:\/\/telmoponte.com\/wp-content\/uploads\/2022\/03\/avenal_mini_dog_600alt-1024x576-600x400.jpg\" width=\"600\" height=\"400\" title=\"avenal_mini_dog_600alt\" alt=\"avenal_mini_dog_600alt\"> <\/a>\nSACO\nAGILITY\n<a href=\"https:\/\/telmoponte.com\/projectos\/saco-avenal-agility-dog\/\">Ver mais<\/a>\n<a href=\"https:\/\/telmoponte.com\/projectos\/saco-avenal-agility-dog\/\" > <img src=\"https:\/\/telmoponte.com\/wp-content\/uploads\/2022\/03\/avenal_agility_dog_600alt-1024x576-600x400.jpg\" width=\"600\" height=\"400\" title=\"avenal_agility_dog_600alt\" alt=\"avenal_agility_dog_600alt\"> <\/a>\nSACO\nPUPPY\n<p><a href=\"https:\/\/telmoponte.com\/projectos\/saco-avenal-puppy\/\">Ver mais<\/a><\/p>\n<a href=\"https:\/\/telmoponte.com\/projectos\/saco-avenal-puppy\/\" > <img src=\"https:\/\/telmoponte.com\/wp-content\/uploads\/2022\/03\/avenal_puppy_dog_600alt-1024x576-600x400.jpg\" width=\"600\" height=\"400\" title=\"avenal_puppy_dog_600alt\" alt=\"avenal_puppy_dog_600alt\"> <\/a>\n<em style=\"color:#b1e89d\"><svg aria-hidden=\"true\"><use href=\"#tf-fas-circle\"><\/use><\/svg><\/em> DISPON\u00cdVEL PARA TRABALHOS COMO FREELANCER \n <h3 style=\"text-align: center;\">Tens algum projeto de em mente? Vamos conversar.<\/h3> \n <a href=\"https:\/\/telmoponte.com\/contactos\/\" > VAMOS FALAR AGORA <em><svg aria-hidden=\"true\"><use href=\"#tf-fas-comment\"><\/use><\/svg><\/em> <\/a>","_links":{"self":[{"href":"https:\/\/telmoponte.com\/en\/wp-json\/wp\/v2\/pages\/10"}],"collection":[{"href":"https:\/\/telmoponte.com\/en\/wp-json\/wp\/v2\/pages"}],"about":[{"href":"https:\/\/telmoponte.com\/en\/wp-json\/wp\/v2\/types\/page"}],"author":[{"embeddable":true,"href":"https:\/\/telmoponte.com\/en\/wp-json\/wp\/v2\/users\/2"}],"replies":[{"embeddable":true,"href":"https:\/\/telmoponte.com\/en\/wp-json\/wp\/v2\/comments?post=10"}],"version-history":[{"count":146,"href":"https:\/\/telmoponte.com\/en\/wp-json\/wp\/v2\/pages\/10\/revisions"}],"predecessor-version":[{"id":492,"href":"https:\/\/telmoponte.com\/en\/wp-json\/wp\/v2\/pages\/10\/revisions\/492"}],"wp:attachment":[{"href":"https:\/\/telmoponte.com\/en\/wp-json\/wp\/v2\/media?parent=10"}],"curies":[{"name":"wp","href":"https:\/\/api.w.org\/{rel}","templated":true}]}}