{"id":37,"date":"2022-02-23T14:34:22","date_gmt":"2022-02-23T14:34:22","guid":{"rendered":"https:\/\/telmoponte.com\/?page_id=37"},"modified":"2022-03-07T16:38:46","modified_gmt":"2022-03-07T16:38:46","slug":"contactos","status":"publish","type":"page","link":"https:\/\/telmoponte.com\/en\/contactos\/","title":{"rendered":"Contacts"},"content":{"rendered":"<!--themify_builder_content-->\n<div id=\"themify_builder_content-37\" data-postid=\"37\" class=\"themify_builder_content themify_builder_content-37 themify_builder tf_clear\">\n    \t\t\t<!-- module_row -->\n\t<div  data-css_id=\"zgcg139\" data-lazy=\"1\" class=\"module_row themify_builder_row fullheight fullwidth tb_zgcg139 tb_first tf_w tf_clearfix\">\n\t    <div class=\"tb_row_frame_wrap tf_overflow tf_abs\" data-lazy=\"1\"><div class=\"tb_row_frame tb_row_frame_top  tf_abs tf_hide tf_overflow tf_w\"><\/div><\/div>\t\t\t<div class=\"row_inner col_align_top tb_col_count_1 tf_box tf_rel\">\n\t\t            <div  data-lazy=\"1\" class=\"module_column tb-column col-full tb_rhhh139 first\">\n                                                        <div class=\"tb-column-inner tf_box tf_w\">\n                        \t<div  data-lazy=\"1\" class=\"module_subrow themify_builder_sub_row tb_s60p139 tf_w tf_clearfix\">\n\t    \t\t\t<div class=\"subrow_inner col_align_top tb_col_count_3 tf_box tf_w\">\n\t\t            <div  data-lazy=\"1\" class=\"module_column sub_column col4-1 tb_svpu140 first\">\n                                                <\/div>\n                        <div  data-lazy=\"1\" class=\"module_column sub_column col4-2 tb_u31b140\">\n                                                        <div class=\"tb-column-inner tf_box tf_w\">\n                        <!-- module text -->\n<div  class=\"module module-text tb_5mgz811    wow\" data-tf-animation=\"fadeIn\" data-lazy=\"1\" data-lax-translate-y=\"(vh*1) 0,(vh*0) -200\" data-lax-blur=\"(vh*1) 0,(vh*0) 8\" data-lax-scale=\"(vh*1) 1,(vh*0) 2\" data-box-position=\"center center\" data-lax=\"true\">\n        <div  class=\"tb_text_wrap\">\n    <h1 style=\"text-align: center;\">CONTA<\/h1>\n<h1 style=\"text-align: center;\">CTS<\/h1>    <\/div>\n<\/div>\n<!-- \/module text -->                    <\/div>\n                            <\/div>\n                        <div  data-lazy=\"1\" class=\"module_column sub_column col4-1 tb_d4pj140 last\">\n                                                <\/div>\n            \t    <\/div>\n\t<\/div><!-- \/themify_builder_sub_row -->\n\t                    <\/div>\n                            <\/div>\n            \t    <\/div>\n\t    <!-- \/row_inner -->\n\t<\/div>\n\t<!-- \/module_row -->\n\t\t\t\t<!-- module_row -->\n\t<div  data-lazy=\"1\" class=\"module_row themify_builder_row tb_ojnv69 tf_w tf_clearfix\">\n\t    \t\t\t<div class=\"row_inner col_align_top tb_col_count_1 tf_box tf_rel\">\n\t\t            <div  data-lazy=\"1\" class=\"module_column tb-column col-full tb_9yw869 first\">\n                                                        <div class=\"tb-column-inner tf_box tf_w\">\n                        \t<div  data-lazy=\"1\" class=\"module_subrow themify_builder_sub_row tb_dr76962 tf_w tf_clearfix\">\n\t    \t\t\t<div class=\"subrow_inner col_align_top tb_col_count_1 tf_box tf_w\">\n\t\t            <div  data-lazy=\"1\" class=\"module_column sub_column col-full tb_tdkq962 first\">\n                                                        <div class=\"tb-column-inner tf_box tf_w\">\n                        <!-- module text -->\n<div  class=\"module module-text tb_qi7e596\" data-lazy=\"1\">\n        <div  class=\"tb_text_wrap\">\n    <h3 style=\"text-align: center;\">You can contact me using the methods shown below.<\/h3>    <\/div>\n<\/div>\n<!-- \/module text -->                    <\/div>\n                            <\/div>\n            \t    <\/div>\n\t<\/div><!-- \/themify_builder_sub_row -->\n\t\t<div  data-lazy=\"1\" class=\"module_subrow themify_builder_sub_row tb_5q8c65 tf_w tf_clearfix\">\n\t    \t\t\t<div class=\"subrow_inner col_align_top tb_col_count_2 tf_box tf_w\">\n\t\t            <div  data-lazy=\"1\" class=\"module_column sub_column col2-1 tb_b5qf65 first\">\n                                                        <div class=\"tb-column-inner tf_box tf_w\">\n                        <!-- module image -->\n<div  class=\"module module-image tb_fvai884 circle  image-top tf_mw\" data-lazy=\"1\">\n        <div class=\"image-wrap tf_rel tf_mw\">\n\t\t    <img loading=\"lazy\" decoding=\"async\" src=\"https:\/\/telmoponte.com\/wp-content\/uploads\/2022\/02\/IMG_2205-1024x620-150x150.jpg\" width=\"150\" height=\"150\" class=\"wp-post-image wp-image-114\" title=\"IMG_2205\" alt=\"IMG_2205\" srcset=\"https:\/\/telmoponte.com\/wp-content\/uploads\/2022\/02\/IMG_2205-1024x620-150x150.jpg 150w, https:\/\/telmoponte.com\/wp-content\/uploads\/2022\/02\/IMG_2205-1024x620-600x600.jpg 600w\" sizes=\"(max-width: 150px) 100vw, 150px\" \/>\t\n\t\t<\/div>\n\t<!-- \/image-wrap -->\n    \n    \t<\/div>\n<!-- \/module image --><!-- module link_block -->\n<div  class=\"module module-link-block tb_fjoi270 icon-right solid\" data-lazy=\"1\">\n        <a href=\"https:\/\/www.linkedin.com\/in\/telmo-ponte\/\" class=\"tb_link_block_container ui tb_default_color\">\n        \t\t\t<div class=\"tf-lb-icon\">\n\t\t\t\t<em class=\"tb_link_block_icon tf_inline_b\"><svg  class=\"tf_fa tf-fab-linkedin\" aria-hidden=\"true\"><use href=\"#tf-fab-linkedin\"><\/use><\/svg><\/em>\n\t\t\t<\/div>\n        \t\t<div class=\"tf-lb-content\">\n\t\t\t\t\t\t\t\t\t\t<div class=\"tb_link_block_heading\">Telmo Ponte<\/div>\n\t\t\t\t\t\t\t\t\t\t<div class=\"tb_link_block_blurb\">Graphic Designer<\/div>\n\t\t\t\t\t<\/div>\n    <\/a>\n<\/div>\n<!-- \/module buttons -->\n                    <\/div>\n                            <\/div>\n                        <div  data-lazy=\"1\" class=\"module_column sub_column col2-1 tb_u9ib66 last\">\n                                                        <div class=\"tb-column-inner tf_box tf_w\">\n                        <!-- module widget -->\n<div  class=\"module module-widget tb_pt8r714\" data-lazy=\"1\">\n\t\n            <div \n                class=\"elfsight-widget-form-builder elfsight-widget\" \n                data-elfsight-form-builder-options=\"%7B%22ei%22%3A%22%22%2C%22fields%22%3A%5B%7B%22type%22%3A%22text%22%2C%22placeholder%22%3A%22Nome%2A%22%2C%22description%22%3A%22%22%2C%22label%22%3A%22%22%2C%22required%22%3Atrue%2C%22columnWidth%22%3A100%2C%22id%22%3A%22%5B%5D%22%7D%2C%7B%22type%22%3A%22email%22%2C%22label%22%3A%22%22%2C%22description%22%3A%22%22%2C%22placeholder%22%3A%22E-mail%2A%22%2C%22required%22%3Atrue%2C%22columnWidth%22%3A100%2C%22id%22%3A%22%5B%5D%22%7D%2C%7B%22type%22%3A%22phone%22%2C%22label%22%3A%22%22%2C%22placeholder%22%3A%22Contacto%22%2C%22description%22%3A%22%22%2C%22required%22%3Afalse%2C%22columnWidth%22%3A100%2C%22id%22%3A%22%5B%5D%22%7D%2C%7B%22type%22%3A%22textarea%22%2C%22label%22%3A%22%22%2C%22description%22%3A%22%22%2C%22placeholder%22%3A%22Mensagem%22%2C%22required%22%3Atrue%2C%22columnWidth%22%3A100%2C%22id%22%3A%22%5B%5D%22%7D%5D%2C%22headerActive%22%3Afalse%2C%22headerTitle%22%3A%22Formul%5Cu00e1rio%20de%20Contacto%22%2C%22headerText%22%3A%22Para%20qualquer%20d%5Cu00favida%20ou%20contacto%20para%20fazer%20um%20servi%5Cu00e7o%2C%20envie-me%20uma%20mensagem%20atrav%5Cu00e9s%20do%20formul%5Cu00e1rio%20abaixo.%22%2C%22headerPictureUrl%22%3A%22message%22%2C%22footerText%22%3A%22%22%2C%22actionAfterSubmit%22%3A%22message%22%2C%22successMessage%22%3A%22A%20tua%20mensagem%20foi%20enviada%20com%20sucesso%21%20Vou%20responder%20assim%20que%20poss%5Cu00edvel%21%22%2C%22successContinueText%22%3A%22OK%22%2C%22redirectUrl%22%3A%22https%3A%5C%2F%5C%2Fexample.com%22%2C%22submitText%22%3A%22Enviar%22%2C%22stepsMessagesDivider%22%3Anull%2C%22stepsMessagesTitle%22%3Anull%2C%22stepsText%22%3A%22step%20%251%20of%20%252%22%2C%22stepBackText%22%3A%22Back%22%2C%22stepNextText%22%3A%22Next%22%2C%22errorMessageAllRequired%22%3A%22Por%20favor%2C%20preencha%20todos%20os%20campos%20obrigat%5Cu00f3rios.%22%2C%22errorMessageAllIncorrect%22%3A%22%20Por%20favor%2C%20preencha%20todos%20os%20campos%20corretamente.%22%2C%22errorMessageSetMailTo%22%3A%22Por%20favor%2C%20defina%20o%20e-mail%20para%20enviar%20as%20mensagens.%22%2C%22errorMessageRequiredCaptcha%22%3A%22%20Por%20favor%2C%20digite%20o%20captcha%22%2C%22errorMessageFileSizeLimit%22%3A%22Limite%20de%20tamanho%20de%20arquivo%20excedido%22%2C%22errorMessageFileNotAllowed%22%3A%22Extens%5Cu00e3o%20de%20arquivo%20n%5Cu00e3o%20permitida%22%2C%22errorMessageUnknown%22%3A%22Erro%20desconhecido%22%2C%22errorMessageRequired%22%3A%22%20Campo%20obrigat%5Cu00f3rio%22%2C%22errorMessageInvalid%22%3A%22Inv%5Cu00e1lido%22%2C%22errorMessageInvalidEmail%22%3A%22%20E-mail%20inv%5Cu00e1lido%22%2C%22errorMessageInvalidPhone%22%3A%22N%5Cu00famero%20de%20telefone%20inv%5Cu00e1lido%22%2C%22errorMessageInvalidUrl%22%3A%22URL%20inv%5Cu00e1lido%22%2C%22calendarWeekdaysShorthand%22%3A%22Dom%5CnSeg%5CnTer%5Cu00e7a%5CnQuarta%5CnQuinta%5CnSexta%5CnS%5Cu00e1b%22%2C%22calendarMonthsLonghand%22%3A%22Janeiro%5CnFevereiro%5CnMar%5Cu00e7o%5CnAbril%5CnMaio%5CnJunho%5CnJulho%5CnAgosto%5CnSetembro%5CnOutubro%5CnNovembro%5CnDezembro%22%2C%22showProgress%22%3Atrue%2C%22recaptchaType%22%3A%22none%22%2C%22integrationsGoogleToken%22%3A%22%22%2C%22integrationsGoogleSheetId%22%3A%22%22%2C%22layout%22%3A%22default%22%2C%22floatingIcon%22%3A%22message%22%2C%22floatingText%22%3A%22%22%2C%22floatingPosition%22%3A%22right%22%2C%22width%22%3A%22580%22%2C%22style%22%3A%22classic%22%2C%22mainColor%22%3A%22rgb%28227%2C%20146%2C%2099%29%22%2C%22apiUrl%22%3A%22https%3A%5C%2F%5C%2Ftelmoponte.com%5C%2Fen%5C%2Fwp-json%5C%2Felfsight-form-builder%5C%2Fapi%22%2C%22recaptchaKeyCheckbox%22%3A%226LfXGHgUAAAAAHNIE_EH7kEI1l4xvf_ynIlg5bfo%22%2C%22recaptchaKeyInvisible%22%3A%226Ld1CXgUAAAAAFTHmixC1Eo-NP7_3ddB1YOj9AfX%22%2C%22widgetId%22%3A%226%22%7D\" \n                data-elfsight-form-builder-version=\"1.5.1\"\n                data-elfsight-widget-id=\"elfsight-form-builder-6\">\n            <\/div>\n            <\/div>\n<!-- \/module widget -->\n                    <\/div>\n                            <\/div>\n            \t    <\/div>\n\t<\/div><!-- \/themify_builder_sub_row -->\n\t                    <\/div>\n                            <\/div>\n            \t    <\/div>\n\t    <!-- \/row_inner -->\n\t<\/div>\n\t<!-- \/module_row -->\n\t<\/div>\n<!--\/themify_builder_content-->","protected":false},"excerpt":{"rendered":"<p>CONTA CTOS Podes contactar-me atrav\u00e9s dos m\u00e9todos apresentados abaixo. Telmo Ponte Designer Gr\u00e1fico<\/p>","protected":false},"author":2,"featured_media":0,"parent":0,"menu_order":0,"comment_status":"closed","ping_status":"closed","template":"","meta":{"footnotes":""},"builder_content":"<h1 style=\"text-align: center;\">CONTA<\/h1> <h1 style=\"text-align: center;\">CTOS<\/h1>\n<h3 style=\"text-align: center;\">Podes contactar-me atrav\u00e9s dos m\u00e9todos apresentados abaixo.<\/h3>\n<img src=\"https:\/\/telmoponte.com\/wp-content\/uploads\/2022\/02\/IMG_2205-1024x620-150x150.jpg\" width=\"150\" height=\"150\" title=\"IMG_2205\" alt=\"IMG_2205\" srcset=\"https:\/\/telmoponte.com\/wp-content\/uploads\/2022\/02\/IMG_2205-1024x620-150x150.jpg 150w, https:\/\/telmoponte.com\/wp-content\/uploads\/2022\/02\/IMG_2205-1024x620-600x600.jpg 600w\" sizes=\"(max-width: 150px) 100vw, 150px\" \/>\n<a href=\"https:\/\/www.linkedin.com\/in\/telmo-ponte\/\"> <em><svg aria-hidden=\"true\"><use href=\"#tf-fab-linkedin\"><\/use><\/svg><\/em> Telmo Ponte Designer Gr\u00e1fico <\/a>\n","_links":{"self":[{"href":"https:\/\/telmoponte.com\/en\/wp-json\/wp\/v2\/pages\/37"}],"collection":[{"href":"https:\/\/telmoponte.com\/en\/wp-json\/wp\/v2\/pages"}],"about":[{"href":"https:\/\/telmoponte.com\/en\/wp-json\/wp\/v2\/types\/page"}],"author":[{"embeddable":true,"href":"https:\/\/telmoponte.com\/en\/wp-json\/wp\/v2\/users\/2"}],"replies":[{"embeddable":true,"href":"https:\/\/telmoponte.com\/en\/wp-json\/wp\/v2\/comments?post=37"}],"version-history":[{"count":21,"href":"https:\/\/telmoponte.com\/en\/wp-json\/wp\/v2\/pages\/37\/revisions"}],"predecessor-version":[{"id":460,"href":"https:\/\/telmoponte.com\/en\/wp-json\/wp\/v2\/pages\/37\/revisions\/460"}],"wp:attachment":[{"href":"https:\/\/telmoponte.com\/en\/wp-json\/wp\/v2\/media?parent=37"}],"curies":[{"name":"wp","href":"https:\/\/api.w.org\/{rel}","templated":true}]}}